{"id":13,"date":"2018-04-24T08:36:11","date_gmt":"2018-04-24T08:36:11","guid":{"rendered":"http:\/\/atsaku.com.tr\/?page_id=13"},"modified":"2023-01-19T13:42:51","modified_gmt":"2023-01-19T10:42:51","slug":"about","status":"publish","type":"page","link":"http:\/\/atsaku.com.tr\/index.php\/about\/","title":{"rendered":"Hakk\u0131m\u0131zda"},"content":{"rendered":"<p>[vc_row css=&#8221;.vc_custom_1575620193226{padding-top: 80px !important;padding-bottom: 80px !important;background-image: url(http:\/\/atsaku.com.tr\/wp-content\/uploads\/2018\/08\/pexels-photo-140983.jpeg?id=1002) !important;background-position: center !important;background-repeat: no-repeat !important;background-size: cover !important;}&#8221;][vc_column width=&#8221;1\/4&#8243;][\/vc_column][vc_column width=&#8221;1\/2&#8243;][vc_custom_heading text=&#8221;Hakk\u0131m\u0131zda&#8221; font_container=&#8221;tag:h2|font_size:2.875rem|text_align:center&#8221; use_theme_fonts=&#8221;yes&#8221;][vc_empty_space height=&#8221;10px&#8221;][\/vc_column][vc_column width=&#8221;1\/4&#8243;][\/vc_column][\/vc_row][vc_row][vc_column][vc_empty_space][\/vc_column][\/vc_row][vc_row][vc_column width=&#8221;1\/2&#8243; offset=&#8221;vc_hidden-sm vc_hidden-xs&#8221;][vc_column_text]2015 y\u0131l\u0131nda ticari faaliyetlerine ba\u015flayan ATS AKUMULATOR OTOMOTIV SAN. T\u0130C. LTD. \u015eT\u0130 (ATS AK\u00dc), 2015 y\u0131l\u0131nda ak\u00fc toptan sat\u0131\u015f\u0131 konusunda ilk ad\u0131mlar\u0131n\u0131 atm\u0131\u015ft\u0131r.<\/p>\n<p>Ats Ak\u00fc, otomotiv ve end\u00fcstriyel gruplar\u0131ndaki geni\u015f \u00fcr\u00fcn yelpazesi ile \u0130stanbul&#8217; un d\u00f6rt bir yan\u0131nda bulunan sat\u0131\u015f noktalar\u0131nda m\u00fc\u015fterileri ile bulu\u015fmaktad\u0131r.<\/p>\n<p>Ats Ak\u00fc Hugel, \u0130nci, Mutlu, Hella, Varta ak\u00fc markalar\u0131n\u0131n toptan ve perakende sat\u0131\u015f\u0131n\u0131n yan\u0131 s\u0131ra Ya\u011f, antifriz, cam suyu, ara\u00e7 ses sistemleri sat\u0131\u015f\u0131 ve montaj\u0131n\u0131 yapmaktad\u0131r.<\/p>\n<p>10 Ki\u015filik profesyonel ekibimiz ile siz de\u011ferli m\u00fc\u015fterilerimize en iyi hizmeti sa\u011flamak i\u00e7in her zaman geli\u015fmeye a\u00e7\u0131\u011f\u0131z.[\/vc_column_text][\/vc_column][vc_column width=&#8221;1\/2&#8243;][vc_single_image image=&#8221;1799&#8243; img_size=&#8221;large&#8221;][\/vc_column][\/vc_row]<\/p>\n","protected":false},"excerpt":{"rendered":"<p>[vc_row css=&#8221;.vc_custom_1575620193226{padding-top: 80px !important;padding-bottom: 80px !important;background-image: url(http:\/\/atsaku.com.tr\/wp-content\/uploads\/2018\/08\/pexels-photo-140983.jpeg?id=1002) !important;background-position: center !important;background-repeat: no-repeat !important;background-size: cover !important;}&#8221;][vc_column width=&#8221;1\/4&#8243;][\/vc_column][vc_column width=&#8221;1\/2&#8243;][vc_custom_heading text=&#8221;Hakk\u0131m\u0131zda&#8221; font_container=&#8221;tag:h2|font_size:2.875rem|text_align:center&#8221; use_theme_fonts=&#8221;yes&#8221;][vc_empty_space height=&#8221;10px&#8221;][\/vc_column][vc_column width=&#8221;1\/4&#8243;][\/vc_column][\/vc_row][vc_row][vc_column][vc_empty_space][\/vc_column][\/vc_row][vc_row][vc_column width=&#8221;1\/2&#8243; offset=&#8221;vc_hidden-sm vc_hidden-xs&#8221;][vc_column_text]2015 y\u0131l\u0131nda ticari faaliyetlerine ba\u015flayan ATS AKUMULATOR OTOMOTIV SAN. T\u0130C. LTD. \u015eT\u0130 (ATS AK\u00dc), 2015 y\u0131l\u0131nda ak\u00fc toptan sat\u0131\u015f\u0131 konusunda ilk ad\u0131mlar\u0131n\u0131 atm\u0131\u015ft\u0131r. Ats Ak\u00fc, otomotiv ve end\u00fcstriyel gruplar\u0131ndaki geni\u015f \u00fcr\u00fcn yelpazesi [&hellip;]<\/p>\n","protected":false},"author":1,"featured_media":0,"parent":0,"menu_order":0,"comment_status":"closed","ping_status":"closed","template":"","meta":{"footnotes":""},"class_list":["post-13","page","type-page","status-publish","hentry"],"acf":[],"_links":{"self":[{"href":"http:\/\/atsaku.com.tr\/index.php\/wp-json\/wp\/v2\/pages\/13","targetHints":{"allow":["GET"]}}],"collection":[{"href":"http:\/\/atsaku.com.tr\/index.php\/wp-json\/wp\/v2\/pages"}],"about":[{"href":"http:\/\/atsaku.com.tr\/index.php\/wp-json\/wp\/v2\/types\/page"}],"author":[{"embeddable":true,"href":"http:\/\/atsaku.com.tr\/index.php\/wp-json\/wp\/v2\/users\/1"}],"replies":[{"embeddable":true,"href":"http:\/\/atsaku.com.tr\/index.php\/wp-json\/wp\/v2\/comments?post=13"}],"version-history":[{"count":11,"href":"http:\/\/atsaku.com.tr\/index.php\/wp-json\/wp\/v2\/pages\/13\/revisions"}],"predecessor-version":[{"id":1850,"href":"http:\/\/atsaku.com.tr\/index.php\/wp-json\/wp\/v2\/pages\/13\/revisions\/1850"}],"wp:attachment":[{"href":"http:\/\/atsaku.com.tr\/index.php\/wp-json\/wp\/v2\/media?parent=13"}],"curies":[{"name":"wp","href":"https:\/\/api.w.org\/{rel}","templated":true}]}}