{"id":2,"date":"2018-04-24T03:26:51","date_gmt":"2018-04-24T03:26:51","guid":{"rendered":"http:\/\/atsaku.com.tr\/?page_id=2"},"modified":"2023-01-19T13:25:59","modified_gmt":"2023-01-19T10:25:59","slug":"home","status":"publish","type":"page","link":"http:\/\/atsaku.com.tr\/","title":{"rendered":"Anasayfa"},"content":{"rendered":"<p>[vc_row full_width=&#8221;stretch_row_content_no_spaces&#8221;][vc_column]\n\t\t\t<!-- START Mainsite REVOLUTION SLIDER 6.5.12 --><p class=\"rs-p-wp-fix\"><\/p>\n\t\t\t<rs-module-wrap id=\"rev_slider_1_1_wrapper\" data-source=\"gallery\" style=\"visibility:hidden;background:#1dc2ef;padding:0;margin:0px auto;margin-top:0;margin-bottom:0;\">\n\t\t\t\t<rs-module id=\"rev_slider_1_1\" style=\"\" data-version=\"6.5.12\">\n\t\t\t\t\t<rs-slides>\n\t\t\t\t\t\t<rs-slide style=\"position: absolute;\" data-key=\"rs-3\" data-title=\"Slide\" data-anim=\"ms:600;\" data-in=\"o:0;\" data-out=\"a:false;\">\n\t\t\t\t\t\t\t<img loading=\"lazy\" decoding=\"async\" src=\"\/\/atsaku.com.tr\/wp-content\/plugins\/revslider\/public\/assets\/assets\/dummy.png\" alt=\"\" title=\"113251\" width=\"1024\" height=\"617\" class=\"rev-slidebg tp-rs-img rs-lazyload\" data-lazyload=\"\/\/atsaku.com.tr\/wp-content\/uploads\/2022\/12\/113251-1024x617.jpg\" data-no-retina>\n<!--\n\t\t\t\t\t\t\t--><rs-layer\n\t\t\t\t\t\t\t\tid=\"slider-1-slide-3-layer-1\" \n\t\t\t\t\t\t\t\tdata-type=\"text\"\n\t\t\t\t\t\t\t\tdata-color=\"#ffffff\"\n\t\t\t\t\t\t\t\tdata-xy=\"x:52px;y:c;yo:-135px;\"\n\t\t\t\t\t\t\t\tdata-text=\"s:60;l:80;a:center;\"\n\t\t\t\t\t\t\t\tdata-frame_0=\"y:-100%;o:1;\"\n\t\t\t\t\t\t\t\tdata-frame_0_mask=\"u:t;\"\n\t\t\t\t\t\t\t\tdata-frame_1=\"sp:1500;sR:10;\"\n\t\t\t\t\t\t\t\tdata-frame_1_mask=\"u:t;\"\n\t\t\t\t\t\t\t\tdata-frame_999=\"o:0;st:w;sR:7490;\"\n\t\t\t\t\t\t\t\tstyle=\"z-index:9;font-family:'Roboto';text-transform:lowercase;\"\n\t\t\t\t\t\t\t><div class=\"slider-sub\">Acil ak\u00fc m\u00fc laz\u0131m?<\/div> \n\t\t\t\t\t\t\t<\/rs-layer><!--\n\n\t\t\t\t\t\t\t--><rs-layer\n\t\t\t\t\t\t\t\tid=\"slider-1-slide-3-layer-4\" \n\t\t\t\t\t\t\t\tdata-type=\"text\"\n\t\t\t\t\t\t\t\tdata-color=\"#ffffff\"\n\t\t\t\t\t\t\t\tdata-xy=\"x:44px;y:c;yo:-34px;\"\n\t\t\t\t\t\t\t\tdata-text=\"s:60;l:80;a:center;\"\n\t\t\t\t\t\t\t\tdata-frame_0=\"y:-100%;o:1;\"\n\t\t\t\t\t\t\t\tdata-frame_0_mask=\"u:t;\"\n\t\t\t\t\t\t\t\tdata-frame_1=\"sp:1500;sR:10;\"\n\t\t\t\t\t\t\t\tdata-frame_1_mask=\"u:t;\"\n\t\t\t\t\t\t\t\tdata-frame_999=\"o:0;st:w;sR:7490;\"\n\t\t\t\t\t\t\t\tstyle=\"z-index:9;font-family:'Roboto';text-transform:lowercase;\"\n\t\t\t\t\t\t\t><div class=\"slider-sub\">+90 (532) 323 43 51<\/div> \n\t\t\t\t\t\t\t<\/rs-layer><!--\n\n\t\t\t\t\t\t\t--><rs-layer\n\t\t\t\t\t\t\t\tid=\"slider-1-slide-3-layer-6\" \n\t\t\t\t\t\t\t\tdata-type=\"image\"\n\t\t\t\t\t\t\t\tdata-rsp_ch=\"on\"\n\t\t\t\t\t\t\t\tdata-xy=\"x:962px;y:16px;\"\n\t\t\t\t\t\t\t\tdata-text=\"w:normal;\"\n\t\t\t\t\t\t\t\tdata-dim=\"w:291px;h:173px;\"\n\t\t\t\t\t\t\t\tdata-frame_999=\"o:0;st:w;\"\n\t\t\t\t\t\t\t\tstyle=\"z-index:10;\"\n\t\t\t\t\t\t\t><img loading=\"lazy\" decoding=\"async\" src=\"\/\/atsaku.com.tr\/wp-content\/plugins\/revslider\/public\/assets\/assets\/dummy.png\" alt=\"\" class=\"tp-rs-img rs-lazyload\" width=\"603\" height=\"359\" data-lazyload=\"\/\/atsaku.com.tr\/wp-content\/uploads\/2022\/12\/logo-1.png\" data-no-retina> \n\t\t\t\t\t\t\t<\/rs-layer><!--\n-->\t\t\t\t\t\t<\/rs-slide>\n\t\t\t\t\t<\/rs-slides>\n\t\t\t\t<\/rs-module>\n\t\t\t\t<script>\n\t\t\t\t\tsetREVStartSize({c: 'rev_slider_1_1',rl:[1240,1024,778,480],el:[620],gw:[1280],gh:[620],type:'standard',justify:'',layout:'fullwidth',mh:\"0\"});if (window.RS_MODULES!==undefined && window.RS_MODULES.modules!==undefined && window.RS_MODULES.modules[\"revslider11\"]!==undefined) {window.RS_MODULES.modules[\"revslider11\"].once = false;window.revapi1 = undefined;if (window.RS_MODULES.checkMinimal!==undefined) window.RS_MODULES.checkMinimal()}\n\t\t\t\t<\/script>\n\t\t\t<\/rs-module-wrap>\n\t\t\t<!-- END REVOLUTION SLIDER -->\n[vc_empty_space][\/vc_column][\/vc_row][vc_row][vc_column width=&#8221;1\/4&#8243;]<div class=\"iconbox  \">\n\n\t<h3 class=\"box-title\">Mutlu M\u00fc\u015fteri<\/h3>\n\t<div class=\"box-detail\">\n\t\t<p>Profesyonel ekibimiz ile sizlere en iyi hizmeti sa\u011fl\u0131yoruz.<\/p>\n\t\n\t<\/div>\n\t<div class=\"box-icon\"><i class=\"fas fa-user-alt\"><\/i><\/div>\t\n\t\n<\/div>[\/vc_column][vc_column width=&#8221;1\/4&#8243;]<div class=\"iconbox  \">\n\n\t<h3 class=\"box-title\">H\u0131zl\u0131 Teslimat<\/h3>\n\t<div class=\"box-detail\">\n\t\t<p>\u00dcr\u00fcnlerinizi en k\u0131sa s\u00fcre i\u00e7erisinde sizlere ula\u015ft\u0131r\u0131yoruz.<\/p>\n\t\n\t<\/div>\n\t<div class=\"box-icon\"><i class=\"fas fa-tachometer-alt\"><\/i><\/div>\t\n\t\n<\/div>[\/vc_column][vc_column width=&#8221;1\/4&#8243;]<div class=\"iconbox  \">\n\n\t<h3 class=\"box-title\">Acil Ak\u00fc<\/h3>\n\t<div class=\"box-detail\">\n\t\t<p>Acil Ak\u00fc hizmetimiz ile 7\/24 m\u00fc\u015fterilerimizin hizmetinizdeyiz.<\/p>\n\t\n\t<\/div>\n\t<div class=\"box-icon\"><i class=\"fas fa-car-battery\"><\/i><\/div>\t\n\t\n<\/div>[\/vc_column][vc_column width=&#8221;1\/4&#8243;]<div class=\"iconbox  \">\n\n\t<h3 class=\"box-title\">Destek<\/h3>\n\t<div class=\"box-detail\">\n\t\t<p>Sat\u0131\u015f sonras\u0131 hizmetlerimiz ile siz de\u011ferli m\u00fc\u015fterilerimizin yan\u0131nday\u0131z.<\/p>\n\t\n\t<\/div>\n\t<div class=\"box-icon\"><i class=\"far fa-life-ring\"><\/i><\/div>\t\n\t\n<\/div>[\/vc_column][\/vc_row]<\/p>\n","protected":false},"excerpt":{"rendered":"<p>[vc_row full_width=&#8221;stretch_row_content_no_spaces&#8221;][vc_column][vc_empty_space][\/vc_column][\/vc_row][vc_row][vc_column width=&#8221;1\/4&#8243;][\/vc_column][vc_column width=&#8221;1\/4&#8243;][\/vc_column][vc_column width=&#8221;1\/4&#8243;][\/vc_column][vc_column width=&#8221;1\/4&#8243;][\/vc_column][\/vc_row]<\/p>\n","protected":false},"author":1,"featured_media":0,"parent":0,"menu_order":0,"comment_status":"closed","ping_status":"closed","template":"","meta":{"footnotes":""},"class_list":["post-2","page","type-page","status-publish","hentry"],"acf":[],"_links":{"self":[{"href":"http:\/\/atsaku.com.tr\/index.php\/wp-json\/wp\/v2\/pages\/2","targetHints":{"allow":["GET"]}}],"collection":[{"href":"http:\/\/atsaku.com.tr\/index.php\/wp-json\/wp\/v2\/pages"}],"about":[{"href":"http:\/\/atsaku.com.tr\/index.php\/wp-json\/wp\/v2\/types\/page"}],"author":[{"embeddable":true,"href":"http:\/\/atsaku.com.tr\/index.php\/wp-json\/wp\/v2\/users\/1"}],"replies":[{"embeddable":true,"href":"http:\/\/atsaku.com.tr\/index.php\/wp-json\/wp\/v2\/comments?post=2"}],"version-history":[{"count":16,"href":"http:\/\/atsaku.com.tr\/index.php\/wp-json\/wp\/v2\/pages\/2\/revisions"}],"predecessor-version":[{"id":1840,"href":"http:\/\/atsaku.com.tr\/index.php\/wp-json\/wp\/v2\/pages\/2\/revisions\/1840"}],"wp:attachment":[{"href":"http:\/\/atsaku.com.tr\/index.php\/wp-json\/wp\/v2\/media?parent=2"}],"curies":[{"name":"wp","href":"https:\/\/api.w.org\/{rel}","templated":true}]}}